{"id":280,"date":"2018-12-25T10:09:20","date_gmt":"2018-12-25T09:09:20","guid":{"rendered":"https:\/\/mvgrombach.de\/bigband\/?page_id=280"},"modified":"2025-11-08T20:12:16","modified_gmt":"2025-11-08T19:12:16","slug":"mitspielen","status":"publish","type":"page","link":"https:\/\/mvgrombach.de\/bigband\/mitspielen\/","title":{"rendered":"Mitspielen"},"content":{"rendered":"\t\t<div data-elementor-type=\"wp-post\" data-elementor-id=\"280\" class=\"elementor elementor-280\">\n\t\t\t\t\t\t<section class=\"elementor-section elementor-top-section elementor-element elementor-element-e8a357d elementor-section-boxed elementor-section-height-default elementor-section-height-default\" data-id=\"e8a357d\" data-element_type=\"section\">\n\t\t\t\t\t\t<div class=\"elementor-container elementor-column-gap-default\">\n\t\t\t\t\t<div class=\"elementor-column elementor-col-100 elementor-top-column elementor-element elementor-element-48a4d91\" data-id=\"48a4d91\" data-element_type=\"column\">\n\t\t\t<div class=\"elementor-widget-wrap elementor-element-populated\">\n\t\t\t\t\t\t<div class=\"elementor-element elementor-element-94b5e10 elementor-widget elementor-widget-heading\" data-id=\"94b5e10\" data-element_type=\"widget\" data-widget_type=\"heading.default\">\n\t\t\t\t<div class=\"elementor-widget-container\">\n\t\t\t<h2 class=\"elementor-heading-title elementor-size-default\">Mitspielen<\/h2>\t\t<\/div>\n\t\t\t\t<\/div>\n\t\t\t\t\t<\/div>\n\t\t<\/div>\n\t\t\t\t\t<\/div>\n\t\t<\/section>\n\t\t\t\t<section class=\"elementor-section elementor-top-section elementor-element elementor-element-2c9c996 elementor-section-boxed elementor-section-height-default elementor-section-height-default\" data-id=\"2c9c996\" data-element_type=\"section\">\n\t\t\t\t\t\t<div class=\"elementor-container elementor-column-gap-default\">\n\t\t\t\t\t<div class=\"elementor-column elementor-col-100 elementor-top-column elementor-element elementor-element-3511665\" data-id=\"3511665\" data-element_type=\"column\">\n\t\t\t<div class=\"elementor-widget-wrap elementor-element-populated\">\n\t\t\t\t\t\t<div class=\"elementor-element elementor-element-d9ab2e7 elementor-widget elementor-widget-image\" data-id=\"d9ab2e7\" data-element_type=\"widget\" data-widget_type=\"image.default\">\n\t\t\t\t<div class=\"elementor-widget-container\">\n\t\t\t\t\t\t\t\t\t\t<figure class=\"wp-caption\">\n\t\t\t\t\t\t\t\t\t\t\t<a href=\"https:\/\/mvgrombach.de\/bigband\/wp-content\/uploads\/2018\/12\/IMG_1114_web.jpg\" data-elementor-open-lightbox=\"yes\" data-elementor-lightbox-title=\"Mittendrin statt nur dabei\" data-e-action-hash=\"#elementor-action%3Aaction%3Dlightbox%26settings%3DeyJpZCI6MjgyLCJ1cmwiOiJodHRwczpcL1wvbXZncm9tYmFjaC5kZVwvYmlnYmFuZFwvd3AtY29udGVudFwvdXBsb2Fkc1wvMjAxOFwvMTJcL0lNR18xMTE0X3dlYi5qcGcifQ%3D%3D\">\n\t\t\t\t\t\t\t<img fetchpriority=\"high\" decoding=\"async\" width=\"1024\" height=\"682\" src=\"https:\/\/mvgrombach.de\/bigband\/wp-content\/uploads\/2018\/12\/IMG_1114_web-1024x682.jpg\" class=\"attachment-large size-large wp-image-282\" alt=\"\" srcset=\"https:\/\/mvgrombach.de\/bigband\/wp-content\/uploads\/2018\/12\/IMG_1114_web-1024x682.jpg 1024w, https:\/\/mvgrombach.de\/bigband\/wp-content\/uploads\/2018\/12\/IMG_1114_web-300x200.jpg 300w, https:\/\/mvgrombach.de\/bigband\/wp-content\/uploads\/2018\/12\/IMG_1114_web-768x512.jpg 768w, https:\/\/mvgrombach.de\/bigband\/wp-content\/uploads\/2018\/12\/IMG_1114_web-830x553.jpg 830w, https:\/\/mvgrombach.de\/bigband\/wp-content\/uploads\/2018\/12\/IMG_1114_web-230x153.jpg 230w, https:\/\/mvgrombach.de\/bigband\/wp-content\/uploads\/2018\/12\/IMG_1114_web-350x233.jpg 350w, https:\/\/mvgrombach.de\/bigband\/wp-content\/uploads\/2018\/12\/IMG_1114_web-480x320.jpg 480w, https:\/\/mvgrombach.de\/bigband\/wp-content\/uploads\/2018\/12\/IMG_1114_web.jpg 1600w\" sizes=\"(max-width: 1024px) 100vw, 1024px\" \/>\t\t\t\t\t\t\t\t<\/a>\n\t\t\t\t\t\t\t\t\t\t\t<figcaption class=\"widget-image-caption wp-caption-text\">Mittendrin - statt nur dabei!<\/figcaption>\n\t\t\t\t\t\t\t\t\t\t<\/figure>\n\t\t\t\t\t\t\t<\/div>\n\t\t\t\t<\/div>\n\t\t\t\t\t<\/div>\n\t\t<\/div>\n\t\t\t\t\t<\/div>\n\t\t<\/section>\n\t\t\t\t<section class=\"elementor-section elementor-top-section elementor-element elementor-element-c16fb34 elementor-section-boxed elementor-section-height-default elementor-section-height-default\" data-id=\"c16fb34\" data-element_type=\"section\">\n\t\t\t\t\t\t<div class=\"elementor-container elementor-column-gap-default\">\n\t\t\t\t\t<div class=\"elementor-column elementor-col-100 elementor-top-column elementor-element elementor-element-b3ca2ba\" data-id=\"b3ca2ba\" data-element_type=\"column\">\n\t\t\t<div class=\"elementor-widget-wrap elementor-element-populated\">\n\t\t\t\t\t\t<section class=\"elementor-section elementor-inner-section elementor-element elementor-element-d4f0f1f elementor-section-boxed elementor-section-height-default elementor-section-height-default\" data-id=\"d4f0f1f\" data-element_type=\"section\">\n\t\t\t\t\t\t<div class=\"elementor-container elementor-column-gap-default\">\n\t\t\t\t\t<div class=\"elementor-column elementor-col-50 elementor-inner-column elementor-element elementor-element-2ac1c14\" data-id=\"2ac1c14\" data-element_type=\"column\">\n\t\t\t<div class=\"elementor-widget-wrap elementor-element-populated\">\n\t\t\t\t\t\t<div class=\"elementor-element elementor-element-a04523f elementor-widget elementor-widget-heading\" data-id=\"a04523f\" data-element_type=\"widget\" data-widget_type=\"heading.default\">\n\t\t\t\t<div class=\"elementor-widget-container\">\n\t\t\t<h3 class=\"elementor-heading-title elementor-size-default\">Wir suchen!<\/h3>\t\t<\/div>\n\t\t\t\t<\/div>\n\t\t\t\t<div class=\"elementor-element elementor-element-ddb6a3d elementor-widget elementor-widget-text-editor\" data-id=\"ddb6a3d\" data-element_type=\"widget\" data-widget_type=\"text-editor.default\">\n\t\t\t\t<div class=\"elementor-widget-container\">\n\t\t\t\t\t\t\t<p>Wir sind immer auf der Suche nach interessierten Musikerinnen und Musikern, die gern bei uns mitspielen m\u00f6chten. Auch wenn wir schon eine nahezu vollst\u00e4ndige Besetzung haben, nehmen wir gerne weitere Musiker auf, um flexibel zu sein. Du kannst dich ganz unverbindlich bei uns melden.<\/p>\t\t\t\t\t\t<\/div>\n\t\t\t\t<\/div>\n\t\t\t\t<div class=\"elementor-element elementor-element-e0ae452 elementor-widget elementor-widget-toggle\" data-id=\"e0ae452\" data-element_type=\"widget\" data-widget_type=\"toggle.default\">\n\t\t\t\t<div class=\"elementor-widget-container\">\n\t\t\t\t\t<div class=\"elementor-toggle\">\n\t\t\t\t\t\t\t<div class=\"elementor-toggle-item\">\n\t\t\t\t\t<div id=\"elementor-tab-title-2351\" class=\"elementor-tab-title\" data-tab=\"1\" role=\"button\" aria-controls=\"elementor-tab-content-2351\" aria-expanded=\"false\">\n\t\t\t\t\t\t\t\t\t\t\t\t<span class=\"elementor-toggle-icon elementor-toggle-icon-left\" aria-hidden=\"true\">\n\t\t\t\t\t\t\t\t\t\t\t\t\t\t\t<span class=\"elementor-toggle-icon-closed\"><i class=\"fas fa-caret-right\"><\/i><\/span>\n\t\t\t\t\t\t\t\t<span class=\"elementor-toggle-icon-opened\"><i class=\"elementor-toggle-icon-opened fas fa-caret-up\"><\/i><\/span>\n\t\t\t\t\t\t\t\t\t\t\t\t\t<\/span>\n\t\t\t\t\t\t\t\t\t\t\t\t<a class=\"elementor-toggle-title\" tabindex=\"0\">Freie Pl\u00e4tze anzeigen<\/a>\n\t\t\t\t\t<\/div>\n\n\t\t\t\t\t<div id=\"elementor-tab-content-2351\" class=\"elementor-tab-content elementor-clearfix\" data-tab=\"1\" role=\"region\" aria-labelledby=\"elementor-tab-title-2351\"><p>Explizit suchen wir aktuell nach folgenden Positionen:<\/p><ul><li>1 E-Bass<\/li><li>1 Posaune<\/li><li>1 Bass-Posaune<\/li><\/ul><p>Aber wie gesagt: Auch wenn du keins dieser Instrumente spielst, melde dich trotzdem bei uns! Wir finden eventuell eine L\u00f6sung oder geben dir Bescheid, sobald ein Platz frei wird.<\/p><\/div>\n\t\t\t\t<\/div>\n\t\t\t\t\t\t\t\t<\/div>\n\t\t\t\t<\/div>\n\t\t\t\t<\/div>\n\t\t\t\t\t<\/div>\n\t\t<\/div>\n\t\t\t\t<div class=\"elementor-column elementor-col-50 elementor-inner-column elementor-element elementor-element-8b741dc\" data-id=\"8b741dc\" data-element_type=\"column\">\n\t\t\t<div class=\"elementor-widget-wrap elementor-element-populated\">\n\t\t\t\t\t\t<div class=\"elementor-element elementor-element-952a348 elementor-widget elementor-widget-heading\" data-id=\"952a348\" data-element_type=\"widget\" data-widget_type=\"heading.default\">\n\t\t\t\t<div class=\"elementor-widget-container\">\n\t\t\t<h3 class=\"elementor-heading-title elementor-size-default\">Melde dich bei uns!<\/h3>\t\t<\/div>\n\t\t\t\t<\/div>\n\t\t\t\t<div class=\"elementor-element elementor-element-4434cf9 elementor-widget elementor-widget-text-editor\" data-id=\"4434cf9\" data-element_type=\"widget\" data-widget_type=\"text-editor.default\">\n\t\t\t\t<div class=\"elementor-widget-container\">\n\t\t\t\t\t\t\t<p>Schick uns einfach eine E-Mail an <a href=\"mailto:BigBand@mvgrombach.de\">BigBand@mvgrombach.de<\/a> oder schreib Timo unter 0151 20 46 15 34.<\/p><p>Im ersten Schritt ben\u00f6tigen wir nur ein paar Infos von dir:<\/p><ul><li>Name<\/li><li>Alter<\/li><li>Kontaktdaten (Wie sollen wir dich kontaktieren?)<\/li><li>Instrument(e)<\/li><li>musikalische Informationen (Wie lange spielst du schon? Wo spielst du mit? \u2026 )<\/li><li>Alles, was du sonst noch gern sagen oder fragen w\u00fcrdest<\/li><\/ul><p>Wir melden uns dann in den n\u00e4chsten 1-2 Tagen zur\u00fcck. Und wenn dann alles passt, kommst du einfach mal zur Probe, um herauszufinden, ob die Big band etwas f\u00fcr dich ist. Es gibt KEIN Vorspiel oder so etwas.<\/p>\t\t\t\t\t\t<\/div>\n\t\t\t\t<\/div>\n\t\t\t\t\t<\/div>\n\t\t<\/div>\n\t\t\t\t\t<\/div>\n\t\t<\/section>\n\t\t\t\t\t<\/div>\n\t\t<\/div>\n\t\t\t\t\t<\/div>\n\t\t<\/section>\n\t\t\t\t<\/div>\n\t\t","protected":false},"excerpt":{"rendered":"<p>Mitspielen Mittendrin &#8211; statt nur dabei! Wir suchen! Wir sind immer auf der Suche nach interessierten Musikerinnen und Musikern, die gern bei [&hellip;]<\/p>\n","protected":false},"author":1,"featured_media":0,"parent":0,"menu_order":0,"comment_status":"closed","ping_status":"closed","template":"elementor_header_footer","meta":{"footnotes":""},"class_list":["post-280","page","type-page","status-publish","hentry"],"_links":{"self":[{"href":"https:\/\/mvgrombach.de\/bigband\/wp-json\/wp\/v2\/pages\/280"}],"collection":[{"href":"https:\/\/mvgrombach.de\/bigband\/wp-json\/wp\/v2\/pages"}],"about":[{"href":"https:\/\/mvgrombach.de\/bigband\/wp-json\/wp\/v2\/types\/page"}],"author":[{"embeddable":true,"href":"https:\/\/mvgrombach.de\/bigband\/wp-json\/wp\/v2\/users\/1"}],"replies":[{"embeddable":true,"href":"https:\/\/mvgrombach.de\/bigband\/wp-json\/wp\/v2\/comments?post=280"}],"version-history":[{"count":10,"href":"https:\/\/mvgrombach.de\/bigband\/wp-json\/wp\/v2\/pages\/280\/revisions"}],"predecessor-version":[{"id":680,"href":"https:\/\/mvgrombach.de\/bigband\/wp-json\/wp\/v2\/pages\/280\/revisions\/680"}],"wp:attachment":[{"href":"https:\/\/mvgrombach.de\/bigband\/wp-json\/wp\/v2\/media?parent=280"}],"curies":[{"name":"wp","href":"https:\/\/api.w.org\/{rel}","templated":true}]}}